{"id":71960,"date":"2020-05-12T14:14:19","date_gmt":"2020-05-12T18:14:19","guid":{"rendered":"http:\/\/schools.wrdsb.ca\/athome\/?page_id=71960"},"modified":"2020-05-26T13:37:33","modified_gmt":"2020-05-26T17:37:33","slug":"on-bouge-avec-les-pros-du-cardio-athletisme","status":"publish","type":"page","link":"https:\/\/schools.wrdsb.ca\/athome\/learn\/elementary-home\/elementary-2\/french-immersion\/french-immersion-grades-4-6\/physical-activity\/on-bouge-avec-les-pros-du-cardio-athletisme\/","title":{"rendered":"On bouge avec Les Pros du Cardio: Athl\u00e9tisme"},"content":{"rendered":"<h5>Physical Activity<\/h5>\n<p>Cette semaine, nous allons regarder une s\u00e9rie de vid\u00e9o qui s\u2019appelle \u201cLes Pros du Cardio\u201d. Cette vid\u00e9o va t\u2019encourager de bouger. Cette activit\u00e9 est con\u00e7ue pour pratiquer ta capacit\u00e9 d\u2019\u00e9coute en fran\u00e7ais. Chaque jour on va regarder une vid\u00e9o diff\u00e9rente. \u00c9coute et suis les actions dans la vid\u00e9o. Invites quelqu\u2019un de venir te joindre pour faire les actions ensemble!<\/p>\n<h3>Aujourd\u2019hui, notre vid\u00e9o est avec Les Pros du Cardio: Athl\u00e9tisme<\/h3>\n<p><iframe loading=\"lazy\" title=\"Les pros du cardio | Athl\u00e9tisme\" width=\"500\" height=\"281\" src=\"https:\/\/www.youtube.com\/embed\/JxICkJmp9bs?feature=oembed\" frameborder=\"0\" allow=\"accelerometer; autoplay; clipboard-write; encrypted-media; gyroscope; picture-in-picture; web-share\" referrerpolicy=\"strict-origin-when-cross-origin\" allowfullscreen><\/iframe><\/p>\n<div class=\"alert alert-info\">Dear parents,<br \/>\nYour child is being asked to view a video in French. This video is designed to help your child practice their listening skills by following along to the instructions and movements provided by the instructors in French.<\/div>\n","protected":false},"excerpt":{"rendered":"<p>Aujourd\u2019hui, notre vid\u00e9o est avec Les Pros du Cardio: Athl\u00e9tisme<\/p>\n","protected":false},"author":15985,"featured_media":0,"parent":73164,"menu_order":8,"comment_status":"closed","ping_status":"closed","template":"","meta":{"footnotes":""},"categories":[7],"tags":[],"class_list":["post-71960","page","type-page","status-publish","hentry","category-elementary"],"_links":{"self":[{"href":"https:\/\/schools.wrdsb.ca\/athome\/wp-json\/wp\/v2\/pages\/71960","targetHints":{"allow":["GET"]}}],"collection":[{"href":"https:\/\/schools.wrdsb.ca\/athome\/wp-json\/wp\/v2\/pages"}],"about":[{"href":"https:\/\/schools.wrdsb.ca\/athome\/wp-json\/wp\/v2\/types\/page"}],"author":[{"embeddable":true,"href":"https:\/\/schools.wrdsb.ca\/athome\/wp-json\/wp\/v2\/users\/15985"}],"replies":[{"embeddable":true,"href":"https:\/\/schools.wrdsb.ca\/athome\/wp-json\/wp\/v2\/comments?post=71960"}],"version-history":[{"count":0,"href":"https:\/\/schools.wrdsb.ca\/athome\/wp-json\/wp\/v2\/pages\/71960\/revisions"}],"up":[{"embeddable":true,"href":"https:\/\/schools.wrdsb.ca\/athome\/wp-json\/wp\/v2\/pages\/73164"}],"wp:attachment":[{"href":"https:\/\/schools.wrdsb.ca\/athome\/wp-json\/wp\/v2\/media?parent=71960"}],"wp:term":[{"taxonomy":"category","embeddable":true,"href":"https:\/\/schools.wrdsb.ca\/athome\/wp-json\/wp\/v2\/categories?post=71960"},{"taxonomy":"post_tag","embeddable":true,"href":"https:\/\/schools.wrdsb.ca\/athome\/wp-json\/wp\/v2\/tags?post=71960"}],"curies":[{"name":"wp","href":"https:\/\/api.w.org\/{rel}","templated":true}]}}