{"id":72069,"date":"2020-05-14T13:22:33","date_gmt":"2020-05-14T17:22:33","guid":{"rendered":"http:\/\/schools.wrdsb.ca\/athome\/?page_id=72069"},"modified":"2022-12-06T12:45:12","modified_gmt":"2022-12-06T17:45:12","slug":"la-semaine-de-la-danse-jour-4","status":"publish","type":"page","link":"https:\/\/schools.wrdsb.ca\/athome\/learn\/elementary-home\/elementary-2\/french-immersion\/french-immersion-grades-7-8\/physical-activity\/la-semaine-de-la-danse-jour-4\/","title":{"rendered":"La semaine de la danse jour #4"},"content":{"rendered":"<h5>Physical Activity<\/h5>\n<h2>Les Activit\u00e9s du Jour<\/h2>\n<h3>On regarde!<\/h3>\n<ul>\n<li>Regarde un tutorial en fran\u00e7ais pour apprendre \u00e0 faire la danse Rock N\u2019 Roll.<\/li>\n<\/ul>\n<p>Le but: Comprendre des messages oraux et y r\u00e9agir.<\/p>\n<p>On bouge!<\/p>\n<p>Cette semaine, on va regarder une s\u00e9rie de vid\u00e9os qui s\u2019appelle \u201cHop Tempo\u201d. Chaque jour on va regarder une vid\u00e9o diff\u00e9rente. \u00c9coute et suis les actions dans la vid\u00e9o. Ces vid\u00e9os vont t\u2019encourager de bouger. Le mouvement est bon pour la sant\u00e9 physique et mentale. Invites quelqu\u2019un de venir te joindre pour faire les actions ensemble si tu le veux!<\/p>\n<p>Aujourd\u2019hui, notre vid\u00e9o est la vid\u00e9o Rock N\u2019 Roll. Amuses-toi bien!<\/p>\n<p><iframe loading=\"lazy\" title=\"Hop Tempo | Rock N&#039; Roll\" width=\"500\" height=\"281\" src=\"https:\/\/www.youtube.com\/embed\/aMxEQzH8NK0?feature=oembed\" frameborder=\"0\" allow=\"accelerometer; autoplay; clipboard-write; encrypted-media; gyroscope; picture-in-picture; web-share\" referrerpolicy=\"strict-origin-when-cross-origin\" allowfullscreen><\/iframe><\/p>\n<h3><span style=\"font-size: 16px;\">Autre<\/span><\/h3>\n<ul>\n<li>N\u2019oublie pas de continuer de lire quelque chose qui t&#8217;int\u00e9resse et d&#8217;\u00e9crire tes r\u00e9flexions dans ton cahier d&#8217;\u00e9criture chaque jour.<\/li>\n<\/ul>\n<p>(merci \u00e0 @sdvlil pour le dessin)<br \/>\n(Les liens acc\u00e9d\u00e9s: force4.tv)<\/p>\n<div class=\"alert alert-info\">\n<h2>Note to Parents\/Guardians<\/h2>\n<p>Your child is being invited to develop their physical and mental health this week by following a tutorial in French to learn a new dance each day. Perhaps they might like to invite you to join them or to show off their final product! They are also encouraged to read something of enjoyment and write in their Writer\u2019s Notebook daily.<\/p>\n<\/div>\n","protected":false},"excerpt":{"rendered":"<p>Le but: Comprendre des messages oraux et y r\u00e9agir.<\/p>\n","protected":false},"author":15985,"featured_media":0,"parent":73217,"menu_order":6,"comment_status":"closed","ping_status":"closed","template":"","meta":{"footnotes":""},"categories":[7],"tags":[],"class_list":["post-72069","page","type-page","status-publish","hentry","category-elementary"],"_links":{"self":[{"href":"https:\/\/schools.wrdsb.ca\/athome\/wp-json\/wp\/v2\/pages\/72069","targetHints":{"allow":["GET"]}}],"collection":[{"href":"https:\/\/schools.wrdsb.ca\/athome\/wp-json\/wp\/v2\/pages"}],"about":[{"href":"https:\/\/schools.wrdsb.ca\/athome\/wp-json\/wp\/v2\/types\/page"}],"author":[{"embeddable":true,"href":"https:\/\/schools.wrdsb.ca\/athome\/wp-json\/wp\/v2\/users\/15985"}],"replies":[{"embeddable":true,"href":"https:\/\/schools.wrdsb.ca\/athome\/wp-json\/wp\/v2\/comments?post=72069"}],"version-history":[{"count":0,"href":"https:\/\/schools.wrdsb.ca\/athome\/wp-json\/wp\/v2\/pages\/72069\/revisions"}],"up":[{"embeddable":true,"href":"https:\/\/schools.wrdsb.ca\/athome\/wp-json\/wp\/v2\/pages\/73217"}],"wp:attachment":[{"href":"https:\/\/schools.wrdsb.ca\/athome\/wp-json\/wp\/v2\/media?parent=72069"}],"wp:term":[{"taxonomy":"category","embeddable":true,"href":"https:\/\/schools.wrdsb.ca\/athome\/wp-json\/wp\/v2\/categories?post=72069"},{"taxonomy":"post_tag","embeddable":true,"href":"https:\/\/schools.wrdsb.ca\/athome\/wp-json\/wp\/v2\/tags?post=72069"}],"curies":[{"name":"wp","href":"https:\/\/api.w.org\/{rel}","templated":true}]}}