{"id":73521,"date":"2020-06-02T14:31:14","date_gmt":"2020-06-02T18:31:14","guid":{"rendered":"http:\/\/schools.wrdsb.ca\/athome\/?page_id=73521"},"modified":"2020-06-02T14:31:14","modified_gmt":"2020-06-02T18:31:14","slug":"semaine-dinnovation-lart-des-pierres","status":"publish","type":"page","link":"https:\/\/schools.wrdsb.ca\/athome\/learn\/elementary-home\/elementary-2\/french-immersion\/french-immersion-grades-4-6\/creativity-and-innovation\/semaine-dinnovation-lart-des-pierres\/","title":{"rendered":"Semaine d\u2019innovation &#8211; L\u2019art des pierres"},"content":{"rendered":"<h5>Creativity and Innovation<\/h5>\n<p>Cette semaine, on va t\u2019inspirer avec des cr\u00e9ations innovatives.<\/p>\n<p>Aujourd\u2019hui, on va cr\u00e9er une image qui s\u2019appelle l\u2019art des pierres. Tu peux aller dehors pour chercher des pierres et des roches dans to jardin pour cr\u00e9er une image inspirante.<\/p>\n<p>Amuses-toi bien! N\u2019oublies pas de partager ta cr\u00e9ation avec ta famille ou avec un ami! Peux-tu expliquer, \u00e0 l&#8217;\u00e9crit ou \u00e0 l\u2019oral, ce qui se passe dans l\u2019image que tu as cr\u00e9\u00e9?<\/p>\n<p>N\u2019oublies pas cette semaine, on va faire une activit\u00e9 en utilisant des rouleaux de papier de toilette. Essayer de collectionner des rouleaux de papier toilette et des rouleaux d\u2019essuie-tout pendant la semaine pour les autres projets de la semaine.<\/p>\n<div id=\"attachment_73522\" style=\"width: 510px\" class=\"wp-caption aligncenter\"><img loading=\"lazy\" decoding=\"async\" aria-describedby=\"caption-attachment-73522\" class=\"wp-image-73522\" src=\"http:\/\/schools.wrdsb.ca\/athome\/files\/2020\/06\/StoneArt.jpg\" alt=\"Small stones that look like birds sitting on a thin branch with a cat made of two stones looking up at them.\" width=\"500\" height=\"387\" srcset=\"https:\/\/schools.wrdsb.ca\/athome\/files\/2020\/06\/StoneArt.jpg 1600w, https:\/\/schools.wrdsb.ca\/athome\/files\/2020\/06\/StoneArt-300x232.jpg 300w, https:\/\/schools.wrdsb.ca\/athome\/files\/2020\/06\/StoneArt-768x594.jpg 768w, https:\/\/schools.wrdsb.ca\/athome\/files\/2020\/06\/StoneArt-1024x792.jpg 1024w, https:\/\/schools.wrdsb.ca\/athome\/files\/2020\/06\/StoneArt-165x128.jpg 165w, https:\/\/schools.wrdsb.ca\/athome\/files\/2020\/06\/StoneArt-1140x882.jpg 1140w, https:\/\/schools.wrdsb.ca\/athome\/files\/2020\/06\/StoneArt-945x731.jpg 945w, https:\/\/schools.wrdsb.ca\/athome\/files\/2020\/06\/StoneArt-750x580.jpg 750w\" sizes=\"auto, (max-width: 500px) 100vw, 500px\" \/><p id=\"caption-attachment-73522\" class=\"wp-caption-text\">\u201cLa branche de s\u00e9curit\u00e9&#8221;<\/p><\/div>\n<div><\/div>\n<div>\n<div id=\"attachment_73523\" style=\"width: 610px\" class=\"wp-caption aligncenter\"><img loading=\"lazy\" decoding=\"async\" aria-describedby=\"caption-attachment-73523\" class=\"wp-image-73523\" src=\"http:\/\/schools.wrdsb.ca\/athome\/files\/2020\/06\/RockArt2-e1591122630344.jpg\" alt=\"Adult bear and baby bear made of broken asphalt walking across a broken wooden stump to cross the river to safety.\" width=\"600\" height=\"236\" srcset=\"https:\/\/schools.wrdsb.ca\/athome\/files\/2020\/06\/RockArt2-e1591122630344.jpg 1600w, https:\/\/schools.wrdsb.ca\/athome\/files\/2020\/06\/RockArt2-e1591122630344-300x118.jpg 300w, https:\/\/schools.wrdsb.ca\/athome\/files\/2020\/06\/RockArt2-e1591122630344-1024x403.jpg 1024w, https:\/\/schools.wrdsb.ca\/athome\/files\/2020\/06\/RockArt2-e1591122630344-165x65.jpg 165w, https:\/\/schools.wrdsb.ca\/athome\/files\/2020\/06\/RockArt2-e1591122630344-768x302.jpg 768w, https:\/\/schools.wrdsb.ca\/athome\/files\/2020\/06\/RockArt2-e1591122630344-1140x448.jpg 1140w, https:\/\/schools.wrdsb.ca\/athome\/files\/2020\/06\/RockArt2-e1591122630344-945x372.jpg 945w, https:\/\/schools.wrdsb.ca\/athome\/files\/2020\/06\/RockArt2-e1591122630344-750x295.jpg 750w\" sizes=\"auto, (max-width: 600px) 100vw, 600px\" \/><p id=\"caption-attachment-73523\" class=\"wp-caption-text\">\u201cOurs traversant d\u2019eau dangereuses\u201d par N. Ringwood<\/p><\/div>\n<\/div>\n<div><\/div>\n<div class=\"alert alert-info\">Dear Parents,<br \/>\nThis week we will be focusing on a \u201cweek of innovation\u201d. Each day, your child will be invited to create something specific to the theme of the day. Today\u2019s theme is \u201crock and pebble art\u201d. Using pebbles and stones from around your garden and home, your child is invited to create a piece of art! Later this week, we will be posting an activity involving toilet paper rolls, cardboard and\/or paper towel rolls so try to collect as many as you can!<\/div>\n","protected":false},"excerpt":{"rendered":"<p>Aujourd\u2019hui, on va cr\u00e9er une image qui s\u2019appelle l\u2019art des pierres. <\/p>\n","protected":false},"author":15985,"featured_media":0,"parent":73140,"menu_order":3,"comment_status":"closed","ping_status":"closed","template":"","meta":{"footnotes":""},"categories":[7],"tags":[],"class_list":["post-73521","page","type-page","status-publish","hentry","category-elementary"],"_links":{"self":[{"href":"https:\/\/schools.wrdsb.ca\/athome\/wp-json\/wp\/v2\/pages\/73521","targetHints":{"allow":["GET"]}}],"collection":[{"href":"https:\/\/schools.wrdsb.ca\/athome\/wp-json\/wp\/v2\/pages"}],"about":[{"href":"https:\/\/schools.wrdsb.ca\/athome\/wp-json\/wp\/v2\/types\/page"}],"author":[{"embeddable":true,"href":"https:\/\/schools.wrdsb.ca\/athome\/wp-json\/wp\/v2\/users\/15985"}],"replies":[{"embeddable":true,"href":"https:\/\/schools.wrdsb.ca\/athome\/wp-json\/wp\/v2\/comments?post=73521"}],"version-history":[{"count":0,"href":"https:\/\/schools.wrdsb.ca\/athome\/wp-json\/wp\/v2\/pages\/73521\/revisions"}],"up":[{"embeddable":true,"href":"https:\/\/schools.wrdsb.ca\/athome\/wp-json\/wp\/v2\/pages\/73140"}],"wp:attachment":[{"href":"https:\/\/schools.wrdsb.ca\/athome\/wp-json\/wp\/v2\/media?parent=73521"}],"wp:term":[{"taxonomy":"category","embeddable":true,"href":"https:\/\/schools.wrdsb.ca\/athome\/wp-json\/wp\/v2\/categories?post=73521"},{"taxonomy":"post_tag","embeddable":true,"href":"https:\/\/schools.wrdsb.ca\/athome\/wp-json\/wp\/v2\/tags?post=73521"}],"curies":[{"name":"wp","href":"https:\/\/api.w.org\/{rel}","templated":true}]}}