{"id":73723,"date":"2020-06-04T15:36:06","date_gmt":"2020-06-04T19:36:06","guid":{"rendered":"http:\/\/schools.wrdsb.ca\/athome\/?page_id=73723"},"modified":"2020-06-04T15:36:06","modified_gmt":"2020-06-04T19:36:06","slug":"faire-de-la-musique","status":"publish","type":"page","link":"https:\/\/schools.wrdsb.ca\/athome\/learn\/elementary-home\/elementary-2\/french-immersion\/french-immersion-grades-1-3\/creativity\/faire-de-la-musique\/","title":{"rendered":"Faire de la musique"},"content":{"rendered":"<h5>Creativity and Innovation<\/h5>\n<h2>Primary French Immersion<\/h2>\n<h3>On cr\u00e9e! Cette semaine, on va inspirer ta capacit\u00e9 d\u2019innovation.<\/h3>\n<p>Faire de la musique!<\/p>\n<p>Aujourd\u2019hui on va cr\u00e9er un instrument de musique. Pour cette activit\u00e9 tu peux utilser les objets de recyclage (lave-les et attention aux bords), les bo\u00eetes de conserves, les casseroles ou m\u00eame des couverts dans la cuisine. Avec ces objets tu peux taper en tambour, grate en guitare ou claque en cymbale! En utilisant ces objets tu peux faire ton propre instrument de musique ou tu peux utliser l\u2019objet tel qu\u2019il est. Avec ton instrument, chante ta chanson pr\u00e9f\u00e9r\u00e9e en fran\u00e7ais! J\u2019esp\u00e8re que quelqu\u2019un va te joindre chanter avec toi.<\/p>\n<h3>\nLet\u2019s create! This week we are going to provide you with innovative activities to inspire your creativity!<\/h3>\n<p>Let\u2019s make music!<\/p>\n<p>Today we will make a musical instrument. For this activity you can use recycled objects (make sure to clean them and be safe with them), cans, pots or utensils in the kitchen. With these objects you can play a drum, strum a guitar or clang them like cymbals! You can even make your own instrument with the recycled objects or use the object as it is. Be creative! With your instrument, sing your favourite French song and\/or ask someone at home to join you in the singing!<\/p>\n","protected":false},"excerpt":{"rendered":"<p>Aujourd\u2019hui on va cr\u00e9er un instrument de musique.<\/p>\n","protected":false},"author":15985,"featured_media":0,"parent":73085,"menu_order":0,"comment_status":"closed","ping_status":"closed","template":"","meta":{"footnotes":""},"categories":[7],"tags":[],"class_list":["post-73723","page","type-page","status-publish","hentry","category-elementary"],"_links":{"self":[{"href":"https:\/\/schools.wrdsb.ca\/athome\/wp-json\/wp\/v2\/pages\/73723","targetHints":{"allow":["GET"]}}],"collection":[{"href":"https:\/\/schools.wrdsb.ca\/athome\/wp-json\/wp\/v2\/pages"}],"about":[{"href":"https:\/\/schools.wrdsb.ca\/athome\/wp-json\/wp\/v2\/types\/page"}],"author":[{"embeddable":true,"href":"https:\/\/schools.wrdsb.ca\/athome\/wp-json\/wp\/v2\/users\/15985"}],"replies":[{"embeddable":true,"href":"https:\/\/schools.wrdsb.ca\/athome\/wp-json\/wp\/v2\/comments?post=73723"}],"version-history":[{"count":0,"href":"https:\/\/schools.wrdsb.ca\/athome\/wp-json\/wp\/v2\/pages\/73723\/revisions"}],"up":[{"embeddable":true,"href":"https:\/\/schools.wrdsb.ca\/athome\/wp-json\/wp\/v2\/pages\/73085"}],"wp:attachment":[{"href":"https:\/\/schools.wrdsb.ca\/athome\/wp-json\/wp\/v2\/media?parent=73723"}],"wp:term":[{"taxonomy":"category","embeddable":true,"href":"https:\/\/schools.wrdsb.ca\/athome\/wp-json\/wp\/v2\/categories?post=73723"},{"taxonomy":"post_tag","embeddable":true,"href":"https:\/\/schools.wrdsb.ca\/athome\/wp-json\/wp\/v2\/tags?post=73723"}],"curies":[{"name":"wp","href":"https:\/\/api.w.org\/{rel}","templated":true}]}}