{"id":75762,"date":"2021-03-05T12:32:34","date_gmt":"2021-03-05T17:32:34","guid":{"rendered":"http:\/\/schools.wrdsb.ca\/athome\/?page_id=75762"},"modified":"2021-03-05T12:32:34","modified_gmt":"2021-03-05T17:32:34","slug":"dessine-ta-pizza-preferee-create-and-draw-your-favourite-pizza","status":"publish","type":"page","link":"https:\/\/schools.wrdsb.ca\/athome\/learn\/elementary-home\/elementary-2\/core-french\/core-french-grades-4-6\/whats-new\/dessine-ta-pizza-preferee-create-and-draw-your-favourite-pizza\/","title":{"rendered":"Dessine ta pizza pr\u00e9f\u00e9r\u00e9e! Create and draw your favourite pizza!"},"content":{"rendered":"<h2>Activity #1<\/h2>\n<h3>Dessine ta pizza pr\u00e9f\u00e9r\u00e9e! Create and draw your favourite pizza! Use the empty pizza picture to fill in with your favourite toppings.<\/h3>\n<div id=\"attachment_75764\" style=\"width: 410px\" class=\"wp-caption aligncenter\"><a href=\"http:\/\/schools.wrdsb.ca\/athome\/files\/2021\/03\/Blank_Pizza.png\"><img loading=\"lazy\" decoding=\"async\" aria-describedby=\"caption-attachment-75764\" class=\"wp-image-75764\" src=\"http:\/\/schools.wrdsb.ca\/athome\/files\/2021\/03\/Blank_Pizza.png\" alt=\"Blank image of a pizza - imagine the toppings you would add.\" width=\"400\" height=\"182\" srcset=\"https:\/\/schools.wrdsb.ca\/athome\/files\/2021\/03\/Blank_Pizza.png 1023w, https:\/\/schools.wrdsb.ca\/athome\/files\/2021\/03\/Blank_Pizza-300x137.png 300w, https:\/\/schools.wrdsb.ca\/athome\/files\/2021\/03\/Blank_Pizza-768x350.png 768w, https:\/\/schools.wrdsb.ca\/athome\/files\/2021\/03\/Blank_Pizza-165x75.png 165w, https:\/\/schools.wrdsb.ca\/athome\/files\/2021\/03\/Blank_Pizza-945x430.png 945w, https:\/\/schools.wrdsb.ca\/athome\/files\/2021\/03\/Blank_Pizza-750x342.png 750w\" sizes=\"auto, (max-width: 400px) 100vw, 400px\" \/><\/a><p id=\"caption-attachment-75764\" class=\"wp-caption-text\">Click to open the image and print it out to make your own pizza!<\/p><\/div>\n<h2>Activity #2<\/h2>\n<h3>Ecris une description de ta pizza. Write a description of your favourite pizza.<\/h3>\n<p>Qu\u2019est-ce qu\u2019il y a sur la pizza ? Use some of these words to help you.:<\/p>\n<ul>\n<li>La sauce<\/li>\n<li>Le pepperoni<\/li>\n<li>Les champignons<\/li>\n<li>Le fromage<\/li>\n<li>L\u2019ananas<\/li>\n<li>Les poivrons<\/li>\n<li>Le jambons<\/li>\n<li>Les olives<\/li>\n<\/ul>\n<h3>Here is an example:<\/h3>\n<p>Sur ma pizza il y a du jambon, du fromage, des oignons et des champignons.<\/p>\n","protected":false},"excerpt":{"rendered":"<p>Dessine ta pizza pr\u00e9f\u00e9r\u00e9e! Create and draw your favourite pizza! Use the empty pizza picture to fill in with your favourite toppings.<\/p>\n","protected":false},"author":15985,"featured_media":0,"parent":75477,"menu_order":11,"comment_status":"closed","ping_status":"closed","template":"","meta":{"footnotes":""},"categories":[7,1],"tags":[],"class_list":["post-75762","page","type-page","status-publish","hentry","category-elementary","category-learning"],"_links":{"self":[{"href":"https:\/\/schools.wrdsb.ca\/athome\/wp-json\/wp\/v2\/pages\/75762","targetHints":{"allow":["GET"]}}],"collection":[{"href":"https:\/\/schools.wrdsb.ca\/athome\/wp-json\/wp\/v2\/pages"}],"about":[{"href":"https:\/\/schools.wrdsb.ca\/athome\/wp-json\/wp\/v2\/types\/page"}],"author":[{"embeddable":true,"href":"https:\/\/schools.wrdsb.ca\/athome\/wp-json\/wp\/v2\/users\/15985"}],"replies":[{"embeddable":true,"href":"https:\/\/schools.wrdsb.ca\/athome\/wp-json\/wp\/v2\/comments?post=75762"}],"version-history":[{"count":0,"href":"https:\/\/schools.wrdsb.ca\/athome\/wp-json\/wp\/v2\/pages\/75762\/revisions"}],"up":[{"embeddable":true,"href":"https:\/\/schools.wrdsb.ca\/athome\/wp-json\/wp\/v2\/pages\/75477"}],"wp:attachment":[{"href":"https:\/\/schools.wrdsb.ca\/athome\/wp-json\/wp\/v2\/media?parent=75762"}],"wp:term":[{"taxonomy":"category","embeddable":true,"href":"https:\/\/schools.wrdsb.ca\/athome\/wp-json\/wp\/v2\/categories?post=75762"},{"taxonomy":"post_tag","embeddable":true,"href":"https:\/\/schools.wrdsb.ca\/athome\/wp-json\/wp\/v2\/tags?post=75762"}],"curies":[{"name":"wp","href":"https:\/\/api.w.org\/{rel}","templated":true}]}}