{"id":75771,"date":"2021-03-05T13:10:39","date_gmt":"2021-03-05T18:10:39","guid":{"rendered":"http:\/\/schools.wrdsb.ca\/athome\/?page_id=75771"},"modified":"2021-03-05T13:10:39","modified_gmt":"2021-03-05T18:10:39","slug":"food-and-french","status":"publish","type":"page","link":"https:\/\/schools.wrdsb.ca\/athome\/learn\/elementary-home\/elementary-2\/core-french\/core-french-grades-7-8\/whats-new\/food-and-french\/","title":{"rendered":"Food and French"},"content":{"rendered":"<h2>Activity #1<\/h2>\n<p>Some foods have a handy word to say how much of it you want, for example, a slice of pizza, or a spoonful of sugar, a glass of water. Here is how to say those in French.<\/p>\n<p>In the right-hand column, identify foods around the house that you would use in each case. You can print out this page to complete this table or copy and paste it into a Google Doc.<\/p>\n<table style=\"border-collapse: collapse; width: 100%;\" border=\"1\">\n<tbody>\n<tr style=\"height: 133px;\">\n<td style=\"width: 33.3333%; height: 133px;\">Une tranche de \u2026<\/td>\n<td style=\"width: 33.3333%; height: 133px;\"><img loading=\"lazy\" decoding=\"async\" class=\"aligncenter wp-image-75774\" src=\"http:\/\/schools.wrdsb.ca\/athome\/files\/2021\/03\/pizza_slice.png\" alt=\"A slice of pizza\" width=\"200\" height=\"133\" srcset=\"https:\/\/schools.wrdsb.ca\/athome\/files\/2021\/03\/pizza_slice.png 512w, https:\/\/schools.wrdsb.ca\/athome\/files\/2021\/03\/pizza_slice-300x199.png 300w, https:\/\/schools.wrdsb.ca\/athome\/files\/2021\/03\/pizza_slice-165x110.png 165w\" sizes=\"auto, (max-width: 200px) 100vw, 200px\" \/><\/td>\n<td style=\"width: 33.3333%; height: 133px;\"><\/td>\n<\/tr>\n<tr style=\"height: 24px;\">\n<td style=\"width: 33.3333%; height: 24px;\">Une cuill\u00e8re \u00e1 soupe de \u2026<\/td>\n<td style=\"width: 33.3333%; height: 24px;\"><img loading=\"lazy\" decoding=\"async\" class=\"aligncenter wp-image-75778\" src=\"http:\/\/schools.wrdsb.ca\/athome\/files\/2021\/03\/spoon-1300507_1280.png\" alt=\"A spoon\" width=\"150\" height=\"160\" srcset=\"https:\/\/schools.wrdsb.ca\/athome\/files\/2021\/03\/spoon-1300507_1280.png 1202w, https:\/\/schools.wrdsb.ca\/athome\/files\/2021\/03\/spoon-1300507_1280-282x300.png 282w, https:\/\/schools.wrdsb.ca\/athome\/files\/2021\/03\/spoon-1300507_1280-768x818.png 768w, https:\/\/schools.wrdsb.ca\/athome\/files\/2021\/03\/spoon-1300507_1280-962x1024.png 962w, https:\/\/schools.wrdsb.ca\/athome\/files\/2021\/03\/spoon-1300507_1280-165x176.png 165w, https:\/\/schools.wrdsb.ca\/athome\/files\/2021\/03\/spoon-1300507_1280-1140x1214.png 1140w, https:\/\/schools.wrdsb.ca\/athome\/files\/2021\/03\/spoon-1300507_1280-945x1006.png 945w, https:\/\/schools.wrdsb.ca\/athome\/files\/2021\/03\/spoon-1300507_1280-750x799.png 750w\" sizes=\"auto, (max-width: 150px) 100vw, 150px\" \/><\/td>\n<td style=\"width: 33.3333%; height: 24px;\"><\/td>\n<\/tr>\n<tr style=\"height: 24px;\">\n<td style=\"width: 33.3333%; height: 24px;\">Une cuill\u00e8re \u00e1 caf\u00e9 de \u2026<\/td>\n<td style=\"width: 33.3333%; height: 24px;\"><img loading=\"lazy\" decoding=\"async\" class=\"aligncenter wp-image-75778\" src=\"http:\/\/schools.wrdsb.ca\/athome\/files\/2021\/03\/spoon-1300507_1280.png\" alt=\"A spoon\" width=\"150\" height=\"160\" srcset=\"https:\/\/schools.wrdsb.ca\/athome\/files\/2021\/03\/spoon-1300507_1280.png 1202w, https:\/\/schools.wrdsb.ca\/athome\/files\/2021\/03\/spoon-1300507_1280-282x300.png 282w, https:\/\/schools.wrdsb.ca\/athome\/files\/2021\/03\/spoon-1300507_1280-768x818.png 768w, https:\/\/schools.wrdsb.ca\/athome\/files\/2021\/03\/spoon-1300507_1280-962x1024.png 962w, https:\/\/schools.wrdsb.ca\/athome\/files\/2021\/03\/spoon-1300507_1280-165x176.png 165w, https:\/\/schools.wrdsb.ca\/athome\/files\/2021\/03\/spoon-1300507_1280-1140x1214.png 1140w, https:\/\/schools.wrdsb.ca\/athome\/files\/2021\/03\/spoon-1300507_1280-945x1006.png 945w, https:\/\/schools.wrdsb.ca\/athome\/files\/2021\/03\/spoon-1300507_1280-750x799.png 750w\" sizes=\"auto, (max-width: 150px) 100vw, 150px\" \/><\/td>\n<td style=\"width: 33.3333%; height: 24px;\"><\/td>\n<\/tr>\n<tr style=\"height: 24px;\">\n<td style=\"width: 33.3333%; height: 24px;\">Un verre de \u2026<\/td>\n<td style=\"width: 33.3333%; height: 24px;\"><img loading=\"lazy\" decoding=\"async\" class=\"aligncenter wp-image-75781\" src=\"http:\/\/schools.wrdsb.ca\/athome\/files\/2021\/03\/glass-308558_640.png\" alt=\"A glass cup. \" width=\"100\" height=\"189\" srcset=\"https:\/\/schools.wrdsb.ca\/athome\/files\/2021\/03\/glass-308558_640.png 338w, https:\/\/schools.wrdsb.ca\/athome\/files\/2021\/03\/glass-308558_640-158x300.png 158w, https:\/\/schools.wrdsb.ca\/athome\/files\/2021\/03\/glass-308558_640-165x312.png 165w\" sizes=\"auto, (max-width: 100px) 100vw, 100px\" \/><\/td>\n<td style=\"width: 33.3333%; height: 24px;\"><\/td>\n<\/tr>\n<tr style=\"height: 24px;\">\n<td style=\"width: 33.3333%; height: 24px;\">Une bouteille de \u2026<\/td>\n<td style=\"width: 33.3333%; height: 24px;\"><img loading=\"lazy\" decoding=\"async\" class=\"wp-image-75785 aligncenter\" src=\"http:\/\/schools.wrdsb.ca\/athome\/files\/2021\/03\/bottle-159119_1280.png\" alt=\"\" width=\"100\" height=\"200\" srcset=\"https:\/\/schools.wrdsb.ca\/athome\/files\/2021\/03\/bottle-159119_1280.png 640w, https:\/\/schools.wrdsb.ca\/athome\/files\/2021\/03\/bottle-159119_1280-150x300.png 150w, https:\/\/schools.wrdsb.ca\/athome\/files\/2021\/03\/bottle-159119_1280-512x1024.png 512w, https:\/\/schools.wrdsb.ca\/athome\/files\/2021\/03\/bottle-159119_1280-165x330.png 165w\" sizes=\"auto, (max-width: 100px) 100vw, 100px\" \/><\/td>\n<td style=\"width: 33.3333%; height: 24px;\"><\/td>\n<\/tr>\n<tr style=\"height: 24px;\">\n<td style=\"width: 33.3333%; height: 24px;\">Un morceau de \u2026<\/td>\n<td style=\"width: 33.3333%; height: 24px; text-align: center;\"><img loading=\"lazy\" decoding=\"async\" class=\"aligncenter wp-image-75787\" src=\"http:\/\/schools.wrdsb.ca\/athome\/files\/2021\/03\/bread-29006_1280.png\" alt=\"Picture of bread cut into pieces.\" width=\"250\" height=\"133\" srcset=\"https:\/\/schools.wrdsb.ca\/athome\/files\/2021\/03\/bread-29006_1280.png 1280w, https:\/\/schools.wrdsb.ca\/athome\/files\/2021\/03\/bread-29006_1280-300x159.png 300w, https:\/\/schools.wrdsb.ca\/athome\/files\/2021\/03\/bread-29006_1280-768x408.png 768w, https:\/\/schools.wrdsb.ca\/athome\/files\/2021\/03\/bread-29006_1280-1024x544.png 1024w, https:\/\/schools.wrdsb.ca\/athome\/files\/2021\/03\/bread-29006_1280-165x88.png 165w, https:\/\/schools.wrdsb.ca\/athome\/files\/2021\/03\/bread-29006_1280-1140x606.png 1140w, https:\/\/schools.wrdsb.ca\/athome\/files\/2021\/03\/bread-29006_1280-945x502.png 945w, https:\/\/schools.wrdsb.ca\/athome\/files\/2021\/03\/bread-29006_1280-750x398.png 750w\" sizes=\"auto, (max-width: 250px) 100vw, 250px\" \/><\/td>\n<td style=\"width: 33.3333%; height: 24px;\"><\/td>\n<\/tr>\n<tr style=\"height: 24px;\">\n<td style=\"width: 33.3333%; height: 24px;\">Une part de \u2026<\/td>\n<td style=\"width: 33.3333%; height: 24px;\"><img loading=\"lazy\" decoding=\"async\" class=\"aligncenter wp-image-75789\" src=\"http:\/\/schools.wrdsb.ca\/athome\/files\/2021\/03\/cake-1850011_1280.jpg\" alt=\"A slice of cake.\" width=\"250\" height=\"167\" srcset=\"https:\/\/schools.wrdsb.ca\/athome\/files\/2021\/03\/cake-1850011_1280.jpg 1280w, https:\/\/schools.wrdsb.ca\/athome\/files\/2021\/03\/cake-1850011_1280-300x200.jpg 300w, https:\/\/schools.wrdsb.ca\/athome\/files\/2021\/03\/cake-1850011_1280-768x512.jpg 768w, https:\/\/schools.wrdsb.ca\/athome\/files\/2021\/03\/cake-1850011_1280-1024x683.jpg 1024w, https:\/\/schools.wrdsb.ca\/athome\/files\/2021\/03\/cake-1850011_1280-165x110.jpg 165w, https:\/\/schools.wrdsb.ca\/athome\/files\/2021\/03\/cake-1850011_1280-1140x761.jpg 1140w, https:\/\/schools.wrdsb.ca\/athome\/files\/2021\/03\/cake-1850011_1280-945x630.jpg 945w, https:\/\/schools.wrdsb.ca\/athome\/files\/2021\/03\/cake-1850011_1280-750x500.jpg 750w\" sizes=\"auto, (max-width: 250px) 100vw, 250px\" \/><\/td>\n<td style=\"width: 33.3333%; height: 24px;\"><\/td>\n<\/tr>\n<\/tbody>\n<\/table>\n<h2>Activity #2<\/h2>\n<p>In French, there are other handy words that are used to describe amounts or quantities for food.<\/p>\n<ul>\n<li>un kilo de \u2026<\/li>\n<li>200 grammes de \u2026<\/li>\n<li>deux tranches de \u2026<\/li>\n<li>6 pots de \u2026<\/li>\n<li>une bouteille de \u2026<\/li>\n<li>un tube de \u2026<\/li>\n<li>un paquet de \u2026<\/li>\n<\/ul>\n<p>To create a sentence you might say &#8220;Je veux une bouteille d\u2019eau&#8221; or &#8220;Je veux deux tranches de pizza.&#8221;<\/p>\n<p>Use each of these handy expressions and create a sentence for each using the sentence starter \u201cJe veux\u2026\u201d<\/p>\n<p>You can also create a mini booklet of the sentence created with an image\/picture. You could do this on the computer application or draw in a booklet with pictures cut out from magazines.<\/p>\n<h3>Have some fun with it!<\/h3>\n","protected":false},"excerpt":{"rendered":"<p>Some foods have a handy word to say how much of it you want, for example, a slice of pizza, or a spoonful of sugar, a glass of water.<\/p>\n","protected":false},"author":15985,"featured_media":0,"parent":75479,"menu_order":10,"comment_status":"closed","ping_status":"closed","template":"","meta":{"footnotes":""},"categories":[7,1],"tags":[],"class_list":["post-75771","page","type-page","status-publish","hentry","category-elementary","category-learning"],"_links":{"self":[{"href":"https:\/\/schools.wrdsb.ca\/athome\/wp-json\/wp\/v2\/pages\/75771","targetHints":{"allow":["GET"]}}],"collection":[{"href":"https:\/\/schools.wrdsb.ca\/athome\/wp-json\/wp\/v2\/pages"}],"about":[{"href":"https:\/\/schools.wrdsb.ca\/athome\/wp-json\/wp\/v2\/types\/page"}],"author":[{"embeddable":true,"href":"https:\/\/schools.wrdsb.ca\/athome\/wp-json\/wp\/v2\/users\/15985"}],"replies":[{"embeddable":true,"href":"https:\/\/schools.wrdsb.ca\/athome\/wp-json\/wp\/v2\/comments?post=75771"}],"version-history":[{"count":0,"href":"https:\/\/schools.wrdsb.ca\/athome\/wp-json\/wp\/v2\/pages\/75771\/revisions"}],"up":[{"embeddable":true,"href":"https:\/\/schools.wrdsb.ca\/athome\/wp-json\/wp\/v2\/pages\/75479"}],"wp:attachment":[{"href":"https:\/\/schools.wrdsb.ca\/athome\/wp-json\/wp\/v2\/media?parent=75771"}],"wp:term":[{"taxonomy":"category","embeddable":true,"href":"https:\/\/schools.wrdsb.ca\/athome\/wp-json\/wp\/v2\/categories?post=75771"},{"taxonomy":"post_tag","embeddable":true,"href":"https:\/\/schools.wrdsb.ca\/athome\/wp-json\/wp\/v2\/tags?post=75771"}],"curies":[{"name":"wp","href":"https:\/\/api.w.org\/{rel}","templated":true}]}}