{"id":76131,"date":"2021-03-25T14:24:36","date_gmt":"2021-03-25T18:24:36","guid":{"rendered":"http:\/\/schools.wrdsb.ca\/athome\/?page_id=76131"},"modified":"2021-03-25T14:33:21","modified_gmt":"2021-03-25T18:33:21","slug":"about-me","status":"publish","type":"page","link":"https:\/\/schools.wrdsb.ca\/athome\/learn\/elementary-home\/elementary-2\/core-french\/core-french-grades-1-3\/whats-new\/about-me\/","title":{"rendered":"About Me"},"content":{"rendered":"<h2>Activity #1<\/h2>\n<h3>Voil\u00e0 une fiche de pr\u00e9sentation. Here is an example of an identification card.<\/h3>\n<p><img loading=\"lazy\" decoding=\"async\" class=\"alignnone wp-image-76135 size-full\" src=\"http:\/\/schools.wrdsb.ca\/athome\/files\/2021\/03\/Identification_Card.png\" alt=\"Image of an identification card, which includes a space for a last name, first name, age, city, languages spoken and interests. \" width=\"338\" height=\"232\" srcset=\"https:\/\/schools.wrdsb.ca\/athome\/files\/2021\/03\/Identification_Card.png 338w, https:\/\/schools.wrdsb.ca\/athome\/files\/2021\/03\/Identification_Card-300x206.png 300w, https:\/\/schools.wrdsb.ca\/athome\/files\/2021\/03\/Identification_Card-165x113.png 165w\" sizes=\"auto, (max-width: 338px) 100vw, 338px\" \/><\/p>\n<h3>Create your own card about you!<\/h3>\n<p>Include your name, age, city you live in, languages you speak and interesting facts.<\/p>\n<h2>Activity #2<\/h2>\n<h3>Lisez! Read the text and complete the chart.<\/h3>\n<p>You can copy and paste this chart into a Google Doc, or print it out to complete it.<\/p>\n<blockquote><p>Ch\u00e8re Caroline,<\/p>\n<p>Comment \u00e7a va?<br \/>\nJe m&#8217;appelle Alexandre. J&#8217;ai huit ans. Je suis ton nouveau correspondant.<\/p>\n<p>J&#8217;ai un fr\u00e8re et deux s\u0153urs. Qui est dans ta famille?<br \/>\nJ&#8217;ai une tortue. Elle s&#8217;appelle P\u00eache. As-tu un animal?<br \/>\nMa couleur pr\u00e9f\u00e9r\u00e9e est le rouge. Quelle est ta couleur pr\u00e9f\u00e9r\u00e9e?<\/p>\n<p>Amit\u00e9s,<\/p>\n<p>Alexandre<\/p><\/blockquote>\n<table style=\"border-collapse: collapse; width: 100%;\" border=\"1\">\n<tbody>\n<tr>\n<th style=\"width: 50%;\" colspan=\"2\">Profil<\/th>\n<\/tr>\n<tr>\n<td style=\"width: 50%;\">Nom<\/td>\n<td style=\"width: 50%;\"><\/td>\n<\/tr>\n<tr>\n<td style=\"width: 50%;\">Ville<\/td>\n<td style=\"width: 50%;\"><\/td>\n<\/tr>\n<tr>\n<td style=\"width: 50%;\">Age<\/td>\n<td style=\"width: 50%;\"><\/td>\n<\/tr>\n<tr>\n<td style=\"width: 50%;\">Fr\u00e8res<\/td>\n<td style=\"width: 50%;\"><\/td>\n<\/tr>\n<tr>\n<td style=\"width: 50%;\">Soeurs<\/td>\n<td style=\"width: 50%;\"><\/td>\n<\/tr>\n<tr>\n<td style=\"width: 50%;\">Animal domestique<\/td>\n<td style=\"width: 50%;\"><\/td>\n<\/tr>\n<tr>\n<td style=\"width: 50%;\">Couleur pr\u00e9f\u00e9r\u00e9e<\/td>\n<td style=\"width: 50%;\"><\/td>\n<\/tr>\n<\/tbody>\n<\/table>\n<p>&nbsp;<\/p>\n","protected":false},"excerpt":{"rendered":"<p>Two activities that invite students to expand their French language skills. <\/p>\n","protected":false},"author":15985,"featured_media":0,"parent":75474,"menu_order":9,"comment_status":"closed","ping_status":"closed","template":"","meta":{"footnotes":""},"categories":[7,1],"tags":[],"class_list":["post-76131","page","type-page","status-publish","hentry","category-elementary","category-learning"],"_links":{"self":[{"href":"https:\/\/schools.wrdsb.ca\/athome\/wp-json\/wp\/v2\/pages\/76131","targetHints":{"allow":["GET"]}}],"collection":[{"href":"https:\/\/schools.wrdsb.ca\/athome\/wp-json\/wp\/v2\/pages"}],"about":[{"href":"https:\/\/schools.wrdsb.ca\/athome\/wp-json\/wp\/v2\/types\/page"}],"author":[{"embeddable":true,"href":"https:\/\/schools.wrdsb.ca\/athome\/wp-json\/wp\/v2\/users\/15985"}],"replies":[{"embeddable":true,"href":"https:\/\/schools.wrdsb.ca\/athome\/wp-json\/wp\/v2\/comments?post=76131"}],"version-history":[{"count":0,"href":"https:\/\/schools.wrdsb.ca\/athome\/wp-json\/wp\/v2\/pages\/76131\/revisions"}],"up":[{"embeddable":true,"href":"https:\/\/schools.wrdsb.ca\/athome\/wp-json\/wp\/v2\/pages\/75474"}],"wp:attachment":[{"href":"https:\/\/schools.wrdsb.ca\/athome\/wp-json\/wp\/v2\/media?parent=76131"}],"wp:term":[{"taxonomy":"category","embeddable":true,"href":"https:\/\/schools.wrdsb.ca\/athome\/wp-json\/wp\/v2\/categories?post=76131"},{"taxonomy":"post_tag","embeddable":true,"href":"https:\/\/schools.wrdsb.ca\/athome\/wp-json\/wp\/v2\/tags?post=76131"}],"curies":[{"name":"wp","href":"https:\/\/api.w.org\/{rel}","templated":true}]}}