{"id":76633,"date":"2021-04-22T12:30:23","date_gmt":"2021-04-22T16:30:23","guid":{"rendered":"http:\/\/schools.wrdsb.ca\/athome\/?page_id=76633"},"modified":"2021-04-22T12:30:23","modified_gmt":"2021-04-22T16:30:23","slug":"animal-clues-and-reading-comprehension","status":"publish","type":"page","link":"https:\/\/schools.wrdsb.ca\/athome\/learn\/elementary-home\/elementary-2\/core-french\/core-french-grades-1-3\/whats-new\/animal-clues-and-reading-comprehension\/","title":{"rendered":"Animal Clues and Reading Comprehension"},"content":{"rendered":"<h2>Activity #1<\/h2>\n<h3>Les indices des animaux! Use the clues to guess the animal.<\/h3>\n<p>Il est petit et joli. Il n\u2019est pas vilain, mais il est coquin. Il est jaune et bleu, rouge et vert. Il chante et il parle. Il habite dans la jungle et dans le parc zoologique.<\/p>\n<ul>\n<li>C\u2019est\u2026..?<\/li>\n<\/ul>\n<p>Il est grand et gris ou blanc. Il habite dans l\u2019oc\u00e9an. Il est intelligent et m\u00e9chant.Il est tr\u00e8s dangereux.<\/p>\n<ul>\n<li>C\u2019est\u2026..?<\/li>\n<\/ul>\n<h3>Can you write your own clues to describe an animal?<\/h3>\n<hr \/>\n<h2>Activity #2<\/h2>\n<h3>Lisez les phrases et r\u00e9pondez aux questions. Read the following and answer the questions.<\/h3>\n<p>Carlos : J\u2019ai une tortue verte. Elle a deux ans. Il s\u2019appelle Boomerang. Elle est un peu sauvage mais elle est gentille.<br \/>\nPascal : Moi, j\u2019ai deux poissons tropicaux. Ils sont dans un aquarium. Ils sont bleus et jaunes.<br \/>\nIls sont un peu b\u00eates mais jolis.<br \/>\nManu : Je fais de l\u2019\u00e9quitation et j\u2019ai un cheval gris. Il est tr\u00e8s grand et tr\u00e8s calme. Heureusement! Je l\u2019ai appel\u00e9 Mustang parce qu\u2019il est tr\u00e8s rapide.<\/p>\n<ul>\n<li>Quel \u00e2ge a Boomerang?<\/li>\n<li>Pascal a deux poissons rouges, vrai ou faux ? justifie avec le texte<\/li>\n<li>Comment s\u2019appelle le cheval de Manu ?<\/li>\n<li>Pourquoi il s\u2019appelle comme \u00e7a ?<\/li>\n<li>Fais une liste de tous les adjectifs du texte<\/li>\n<\/ul>\n","protected":false},"excerpt":{"rendered":"<p>Les indices des animaux! Use the clues to guess the animal.<\/p>\n","protected":false},"author":15985,"featured_media":0,"parent":75474,"menu_order":8,"comment_status":"closed","ping_status":"closed","template":"","meta":{"footnotes":""},"categories":[7,1],"tags":[],"class_list":["post-76633","page","type-page","status-publish","hentry","category-elementary","category-learning"],"_links":{"self":[{"href":"https:\/\/schools.wrdsb.ca\/athome\/wp-json\/wp\/v2\/pages\/76633","targetHints":{"allow":["GET"]}}],"collection":[{"href":"https:\/\/schools.wrdsb.ca\/athome\/wp-json\/wp\/v2\/pages"}],"about":[{"href":"https:\/\/schools.wrdsb.ca\/athome\/wp-json\/wp\/v2\/types\/page"}],"author":[{"embeddable":true,"href":"https:\/\/schools.wrdsb.ca\/athome\/wp-json\/wp\/v2\/users\/15985"}],"replies":[{"embeddable":true,"href":"https:\/\/schools.wrdsb.ca\/athome\/wp-json\/wp\/v2\/comments?post=76633"}],"version-history":[{"count":0,"href":"https:\/\/schools.wrdsb.ca\/athome\/wp-json\/wp\/v2\/pages\/76633\/revisions"}],"up":[{"embeddable":true,"href":"https:\/\/schools.wrdsb.ca\/athome\/wp-json\/wp\/v2\/pages\/75474"}],"wp:attachment":[{"href":"https:\/\/schools.wrdsb.ca\/athome\/wp-json\/wp\/v2\/media?parent=76633"}],"wp:term":[{"taxonomy":"category","embeddable":true,"href":"https:\/\/schools.wrdsb.ca\/athome\/wp-json\/wp\/v2\/categories?post=76633"},{"taxonomy":"post_tag","embeddable":true,"href":"https:\/\/schools.wrdsb.ca\/athome\/wp-json\/wp\/v2\/tags?post=76633"}],"curies":[{"name":"wp","href":"https:\/\/api.w.org\/{rel}","templated":true}]}}